{"id":9,"date":"2025-07-05T19:23:33","date_gmt":"2025-07-05T16:23:33","guid":{"rendered":"https:\/\/demo.radyopause.com.tr\/?page_id=9"},"modified":"2025-07-14T00:30:32","modified_gmt":"2025-07-13T21:30:32","slug":"anasayfa","status":"publish","type":"page","link":"https:\/\/radyopause.com.tr\/","title":{"rendered":"Anasayfa"},"content":{"rendered":"\t\t<div data-elementor-type=\"wp-page\" data-elementor-id=\"9\" class=\"elementor elementor-9\">\n\t\t\t\t<div class=\"elementor-element elementor-element-b0d2fab e-con-full e-flex e-con e-parent\" data-id=\"b0d2fab\" data-element_type=\"container\">\n\t\t\t\t<div class=\"elementor-element elementor-element-9d5e955 elementor-widget elementor-widget-slider_revolution\" data-id=\"9d5e955\" data-element_type=\"widget\" data-widget_type=\"slider_revolution.default\">\n\t\t\t\t\t\n\t\t<div class=\"wp-block-themepunch-revslider\">\n\t\t\t\t<p class=\"rs-p-wp-fix\"><\/p>\n\t\t\t\t<sr7-module data-alias=\"space-and-sci-fi-presentation-slider\" data-id=\"2\" id=\"SR7_2_1\" class=\"rs-respect-topbar rs-ov-hidden\" data-version=\"6.7.35\">\n\t\t\t\t\t<sr7-adjuster><\/sr7-adjuster>\n\t\t\t\t\t<sr7-content>\n\t\t\t\t\t\t<sr7-slide id=\"SR7_2_1-6\" data-key=\"6\">\n\t\t\t\t\t\t\t<sr7-bg id=\"SR7_2_1-6-15\" class=\"sr7-layer\"><noscript><img decoding=\"async\" src=\"https:\/\/radyopause.com.tr\/wp-content\/uploads\/2025\/07\/Broadcasting-Radio-web-banner-scaled.jpg\" alt=\"\" title=\"Broadcasting-Radio-web-banner\"><\/noscript><\/sr7-bg>\n\t\t\t\t\t\t\t<sr7-txt id=\"SR7_2_1-6-9\" class=\"sr7-layer\">RADYO PAUSE<\/sr7-txt>\n\t\t\t\t\t\t\t<sr7-txt id=\"SR7_2_1-6-10\" class=\"sr7-layer\">Radyonuz A\u00e7\u0131k Olsun<\/sr7-txt>\n\t\t\t\t\t\t\t<a id=\"SR7_2_1-6-12\" class=\"sr7-layer\" href=\"https:\/\/api.whatsapp.com\/send\/?phone=905072173035&#038;text&#038;type=phone_number&#038;app_absent=0\" target=\"_self\">Whatsapp Hatt\u0131<\/a>\n\t\t\t\t\t\t<\/sr7-slide>\n\t\t\t\t\t\t<sr7-slide id=\"SR7_2_1-10\" data-key=\"10\">\n\t\t\t\t\t\t\t<sr7-txt id=\"SR7_2_1-10-0\" class=\"sr7-layer\"><i class=\"pe-7s-angle-left\"><\/i><\/sr7-txt>\n\t\t\t\t\t\t\t<sr7-txt id=\"SR7_2_1-10-1\" class=\"sr7-layer\"><i class=\"pe-7s-angle-right\"><\/i><\/sr7-txt>\n\t\t\t\t\t\t<\/sr7-slide>\n\t\t\t\t\t<\/sr7-content>\n\t\t\t\t\t<image_lists style=\"display:none\">\n\t\t\t\t\t\t<img data-src=\"\/\/radyopause.com.tr\/wp-content\/uploads\/2025\/07\/Broadcasting-Radio-web-banner-scaled.jpg\" data-libid=\"149\" data-lib=\"medialibrary\" title=\"Broadcasting-Radio-web-banner\" width=\"0\" height=\"0\" data-dbsrc=\"Ly9yYWR5b3BhdXNlLmNvbS50ci93cC1jb250ZW50L3VwbG9hZHMvMjAyNS8wNy9Ccm9hZGNhc3RpbmctUmFkaW8td2ViLWJhbm5lci1zY2FsZWQuanBn\"\/>\n\t\t\t\t\t<\/image_lists>\n\t\t\t\t<\/sr7-module>\n\t\t\t\t<script>\n\t\t\t\t\tSR7.PMH ??={}; SR7.PMH[\"SR7_2_1\"] = {cn:100,state:false,fn: function() { if (_tpt!==undefined && _tpt.prepareModuleHeight !== undefined) {  _tpt.prepareModuleHeight({id:\"SR7_2_1\",el:[900,900,768,960,720],type:'standard',shdw:'0',gh:[900,900,768,960,720],gw:[1240,1240,1024,778,480],vpt:['-100px&#039;,&#039;-100px&#039;,&#039;-100px&#039;,&#039;-100px&#039;,&#039;-100px'],size:{fullWidth:true, fullHeight:true},fho:'#masthead,',mh:'0',onh:0,onw:0,bg:{color:'{\"type\":\"solid\",\"orig\":\"#000000\",\"string\":\"rgba(0, 0, 0, 1)\"}'}});   SR7.PMH[\"SR7_2_1\"].state=true;} else if(SR7.PMH[\"SR7_2_1\"].cn-->0)\tsetTimeout( SR7.PMH[\"SR7_2_1\"].fn,19);}};SR7.PMH[\"SR7_2_1\" ].fn();\n\t\t\t\t<\/script>\n<\/div>\n\n\t\t\t\t\t\t<\/div>\n\t\t\t\t<\/div>\n\t\t<div class=\"elementor-element elementor-element-a854731 e-con-full e-flex e-con e-parent\" data-id=\"a854731\" data-element_type=\"container\">\n\t\t<div class=\"elementor-element elementor-element-3e38469 e-con-full e-flex e-con e-child\" data-id=\"3e38469\" data-element_type=\"container\">\n\t\t\t\t<\/div>\n\t\t\t\t<\/div>\n\t\t<div class=\"elementor-element elementor-element-cfdf88e e-flex e-con-boxed e-con e-parent\" data-id=\"cfdf88e\" data-element_type=\"container\">\n\t\t\t\t\t<div class=\"e-con-inner\">\n\t\t<div class=\"elementor-element elementor-element-136f731 e-con-full e-flex e-con e-child\" data-id=\"136f731\" data-element_type=\"container\">\n\t\t\t\t<div class=\"elementor-element elementor-element-a05d19f elementor-widget elementor-widget-image\" data-id=\"a05d19f\" data-element_type=\"widget\" data-widget_type=\"image.default\">\n\t\t\t\t\t\t\t\t\t\t\t\t\t\t\t<img fetchpriority=\"high\" decoding=\"async\" width=\"1080\" height=\"1080\" src=\"https:\/\/radyopause.com.tr\/wp-content\/uploads\/2025\/07\/Brown-And-Black-World-Radio-Day-Instagram-Post.png\" class=\"attachment-full size-full wp-image-205\" alt=\"\" srcset=\"https:\/\/radyopause.com.tr\/wp-content\/uploads\/2025\/07\/Brown-And-Black-World-Radio-Day-Instagram-Post.png 1080w, https:\/\/radyopause.com.tr\/wp-content\/uploads\/2025\/07\/Brown-And-Black-World-Radio-Day-Instagram-Post-300x300.png 300w, https:\/\/radyopause.com.tr\/wp-content\/uploads\/2025\/07\/Brown-And-Black-World-Radio-Day-Instagram-Post-1024x1024.png 1024w, https:\/\/radyopause.com.tr\/wp-content\/uploads\/2025\/07\/Brown-And-Black-World-Radio-Day-Instagram-Post-150x150.png 150w, https:\/\/radyopause.com.tr\/wp-content\/uploads\/2025\/07\/Brown-And-Black-World-Radio-Day-Instagram-Post-768x768.png 768w\" sizes=\"(max-width: 1080px) 100vw, 1080px\" \/>\t\t\t\t\t\t\t\t\t\t\t\t\t\t\t<\/div>\n\t\t\t\t<\/div>\n\t\t<div class=\"elementor-element elementor-element-78b25f4 e-con-full e-flex e-con e-child\" data-id=\"78b25f4\" data-element_type=\"container\">\n\t\t\t\t<div class=\"elementor-element elementor-element-2668542 elementor-widget elementor-widget-sina_fancytext\" data-id=\"2668542\" data-element_type=\"widget\" data-widget_type=\"sina_fancytext.default\">\n\t\t\t\t<div class=\"elementor-widget-container\">\n\t\t\t\t\t\t\t<div class=\"sina-fancytext\"\r\n\t\tdata-fancy-text=\"Radyo Pause 107.9@@\"\r\n\t\tdata-anim=\"typing\"\r\n\t\tdata-speed=\"100\"\r\n\t\tdata-delay=\"2000\"\r\n\t\tdata-cursor=\"yes\"\r\n\t\tdata-loop=\"yes\">\r\n\t\t\t<h3>\r\n\t\t\t\t\t\t\t\t<span class=\"sina-fancytext-strings\">\r\n\t\t\t\t\t\tRadyo Pause 107.9\t\t\t\t\t<\/span>\r\n\t\t\t\t\t\t\t\t<\/h3>\r\n\t\t<\/div><!-- .sina-fancytext -->\r\n\t\t\t\t\t\t<\/div>\n\t\t\t\t<\/div>\n\t\t\t\t<div class=\"elementor-element elementor-element-594afd1 elementor-widget elementor-widget-text-editor\" data-id=\"594afd1\" data-element_type=\"widget\" data-widget_type=\"text-editor.default\">\n\t\t\t\t\t\t\t\t\t<p data-pm-slice=\"1 1 []\">Radyo Pause 107.9 olarak, hayat\u0131n yo\u011fun temposuna k\u0131sa bir mola verdiren, her an\u0131n\u0131za e\u015flik eden samimi bir yol arkada\u015f\u0131y\u0131z. \u0130zmir&#8217;in kalbinden t\u00fcm T\u00fcrkiye&#8217;ye yay\u0131lan frekans\u0131m\u0131zla m\u00fczikten sohbetlere, k\u00fclt\u00fcrden e\u011flenceye kadar ya\u015fam\u0131n her rengini sizlerle payla\u015f\u0131yoruz.<\/p><p>Yay\u0131nlar\u0131m\u0131zda yenilik\u00e7i yakla\u015f\u0131m\u0131, kaliteli i\u00e7erikleri ve pozitif enerjiyi \u00f6n planda tutuyoruz. Dinleyicilerimizin g\u00fcnl\u00fck hayat\u0131n stresinden uzakla\u015fmas\u0131n\u0131 sa\u011flayan, samimi sohbetler ve \u00f6zenle se\u00e7ilmi\u015f \u015fark\u0131larla g\u00fcn\u00fcn her saati keyifli anlar sunuyoruz.<\/p><p>Radyo Pause 107.9 ekibi olarak, teknolojiyle i\u00e7 i\u00e7e, modern ve s\u00fcrekli geli\u015fen yay\u0131n anlay\u0131\u015f\u0131m\u0131zla her daim sizlerin yan\u0131nda olmaya devam ediyoruz. Sosyal medya hesaplar\u0131m\u0131z, interaktif web sitemiz ve mobil uygulamalar\u0131m\u0131zla, size bir radyo istasyonundan \u00e7ok daha fazlas\u0131n\u0131 sunmay\u0131 ama\u00e7l\u0131yoruz.<\/p><p>\u00c7\u00fcnk\u00fc biz, hayata verilen k\u00fc\u00e7\u00fck molalar\u0131n b\u00fcy\u00fck farklar yaratt\u0131\u011f\u0131na inan\u0131yoruz.<\/p><p>Radyo Pause 107.9 &#8211; Hayata Pause&#8217;la, Keyfine Bak!<\/p>\t\t\t\t\t\t\t\t<\/div>\n\t\t\t\t<\/div>\n\t\t\t\t\t<\/div>\n\t\t\t\t<\/div>\n\t\t<div class=\"elementor-element elementor-element-d9a7709 e-con-full e-flex e-con e-parent\" data-id=\"d9a7709\" data-element_type=\"container\" data-settings=\"{&quot;background_background&quot;:&quot;classic&quot;}\">\n\t\t<div class=\"elementor-element elementor-element-3b8855f e-con-full e-flex e-con e-child\" data-id=\"3b8855f\" data-element_type=\"container\">\n\t\t\t\t<div class=\"elementor-element elementor-element-c1484d0 elementor-widget elementor-widget-image\" data-id=\"c1484d0\" data-element_type=\"widget\" data-widget_type=\"image.default\">\n\t\t\t\t\t\t\t\t\t\t\t\t\t\t\t<img decoding=\"async\" width=\"276\" height=\"58\" src=\"https:\/\/radyopause.com.tr\/wp-content\/uploads\/2025\/07\/Adsiz-276-x-58-piksel.png\" class=\"attachment-full size-full wp-image-71\" alt=\"\" \/>\t\t\t\t\t\t\t\t\t\t\t\t\t\t\t<\/div>\n\t\t\t\t<\/div>\n\t\t<div class=\"elementor-element elementor-element-64bcfd0 e-con-full e-flex e-con e-child\" data-id=\"64bcfd0\" data-element_type=\"container\" data-settings=\"{&quot;background_background&quot;:&quot;classic&quot;}\">\n\t\t<div class=\"elementor-element elementor-element-9d408c2 e-con-full e-flex e-con e-child\" data-id=\"9d408c2\" data-element_type=\"container\">\n\t\t<div class=\"elementor-element elementor-element-8e6dd4d e-con-full e-flex e-con e-child\" data-id=\"8e6dd4d\" data-element_type=\"container\">\n\t\t\t\t<div class=\"elementor-element elementor-element-50f1806 elementor-widget elementor-widget-image\" data-id=\"50f1806\" data-element_type=\"widget\" data-widget_type=\"image.default\">\n\t\t\t\t\t\t\t\t\t\t\t\t\t\t\t\t<a href=\"https:\/\/www.haberekspres.com.tr\/\">\n\t\t\t\t\t\t\t<img loading=\"lazy\" decoding=\"async\" width=\"208\" height=\"69\" src=\"https:\/\/radyopause.com.tr\/wp-content\/uploads\/2025\/07\/1-1.png\" class=\"attachment-full size-full wp-image-167\" alt=\"\" \/>\t\t\t\t\t\t\t\t<\/a>\n\t\t\t\t\t\t\t\t\t\t\t\t\t\t\t<\/div>\n\t\t\t\t<\/div>\n\t\t<div class=\"elementor-element elementor-element-acb5a57 e-con-full e-flex e-con e-child\" data-id=\"acb5a57\" data-element_type=\"container\">\n\t\t\t\t<div class=\"elementor-element elementor-element-3b5d1ea elementor-widget elementor-widget-image\" data-id=\"3b5d1ea\" data-element_type=\"widget\" data-widget_type=\"image.default\">\n\t\t\t\t\t\t\t\t\t\t\t\t\t\t\t\t<a href=\"https:\/\/www.haberege.com.tr\/\">\n\t\t\t\t\t\t\t<img loading=\"lazy\" decoding=\"async\" width=\"208\" height=\"69\" src=\"https:\/\/radyopause.com.tr\/wp-content\/uploads\/2025\/07\/2.png\" class=\"attachment-full size-full wp-image-168\" alt=\"\" \/>\t\t\t\t\t\t\t\t<\/a>\n\t\t\t\t\t\t\t\t\t\t\t\t\t\t\t<\/div>\n\t\t\t\t<\/div>\n\t\t<div class=\"elementor-element elementor-element-aacf671 e-con-full e-flex e-con e-child\" data-id=\"aacf671\" data-element_type=\"container\">\n\t\t\t\t<div class=\"elementor-element elementor-element-5fdb3fc elementor-widget elementor-widget-image\" data-id=\"5fdb3fc\" data-element_type=\"widget\" data-widget_type=\"image.default\">\n\t\t\t\t\t\t\t\t\t\t\t\t\t\t\t\t<a href=\"https:\/\/radyopause.com.tr\/\">\n\t\t\t\t\t\t\t<img loading=\"lazy\" decoding=\"async\" width=\"1401\" height=\"383\" src=\"https:\/\/radyopause.com.tr\/wp-content\/uploads\/2025\/07\/Adsiz-tasarim-1.png\" class=\"attachment-full size-full wp-image-70\" alt=\"\" srcset=\"https:\/\/radyopause.com.tr\/wp-content\/uploads\/2025\/07\/Adsiz-tasarim-1.png 1401w, https:\/\/radyopause.com.tr\/wp-content\/uploads\/2025\/07\/Adsiz-tasarim-1-300x82.png 300w, https:\/\/radyopause.com.tr\/wp-content\/uploads\/2025\/07\/Adsiz-tasarim-1-1024x280.png 1024w, https:\/\/radyopause.com.tr\/wp-content\/uploads\/2025\/07\/Adsiz-tasarim-1-768x210.png 768w\" sizes=\"(max-width: 1401px) 100vw, 1401px\" \/>\t\t\t\t\t\t\t\t<\/a>\n\t\t\t\t\t\t\t\t\t\t\t\t\t\t\t<\/div>\n\t\t\t\t<\/div>\n\t\t<div class=\"elementor-element elementor-element-31ab006 e-con-full e-flex e-con e-child\" data-id=\"31ab006\" data-element_type=\"container\">\n\t\t\t\t<div class=\"elementor-element elementor-element-ba87ea6 elementor-widget elementor-widget-image\" data-id=\"ba87ea6\" data-element_type=\"widget\" data-widget_type=\"image.default\">\n\t\t\t\t\t\t\t\t\t\t\t\t\t\t\t\t<a href=\"https:\/\/www.youtube.com\/@egetvkurumsal?feature=shared\">\n\t\t\t\t\t\t\t<img loading=\"lazy\" decoding=\"async\" width=\"208\" height=\"69\" src=\"https:\/\/radyopause.com.tr\/wp-content\/uploads\/2025\/07\/Adsiz-tasarim-3.png\" class=\"attachment-full size-full wp-image-198\" alt=\"\" \/>\t\t\t\t\t\t\t\t<\/a>\n\t\t\t\t\t\t\t\t\t\t\t\t\t\t\t<\/div>\n\t\t\t\t<\/div>\n\t\t\t\t<\/div>\n\t\t\t\t<\/div>\n\t\t\t\t<\/div>\n\t\t<div class=\"elementor-element elementor-element-a804197 e-con-full e-flex e-con e-parent\" data-id=\"a804197\" data-element_type=\"container\" data-settings=\"{&quot;background_background&quot;:&quot;classic&quot;}\">\n\t\t\t\t<\/div>\n\t\t\t\t<\/div>\n\t\t","protected":false},"excerpt":{"rendered":"<p>Radyo Pause 107.9 Radyo Pause 107.9 olarak, hayat\u0131n yo\u011fun temposuna k\u0131sa bir mola verdiren, her an\u0131n\u0131za e\u015flik eden samimi bir yol arkada\u015f\u0131y\u0131z. \u0130zmir&#8217;in kalbinden t\u00fcm T\u00fcrkiye&#8217;ye yay\u0131lan frekans\u0131m\u0131zla m\u00fczikten sohbetlere, k\u00fclt\u00fcrden e\u011flenceye kadar ya\u015fam\u0131n her rengini sizlerle payla\u015f\u0131yoruz. Yay\u0131nlar\u0131m\u0131zda yenilik\u00e7i yakla\u015f\u0131m\u0131, kaliteli i\u00e7erikleri ve pozitif enerjiyi \u00f6n planda tutuyoruz. Dinleyicilerimizin g\u00fcnl\u00fck hayat\u0131n stresinden uzakla\u015fmas\u0131n\u0131 sa\u011flayan, [&hellip;]<\/p>\n","protected":false},"author":1,"featured_media":0,"parent":0,"menu_order":0,"comment_status":"closed","ping_status":"closed","template":"","meta":{"footnotes":""},"class_list":["post-9","page","type-page","status-publish","hentry"],"_links":{"self":[{"href":"https:\/\/radyopause.com.tr\/index.php?rest_route=\/wp\/v2\/pages\/9","targetHints":{"allow":["GET"]}}],"collection":[{"href":"https:\/\/radyopause.com.tr\/index.php?rest_route=\/wp\/v2\/pages"}],"about":[{"href":"https:\/\/radyopause.com.tr\/index.php?rest_route=\/wp\/v2\/types\/page"}],"author":[{"embeddable":true,"href":"https:\/\/radyopause.com.tr\/index.php?rest_route=\/wp\/v2\/users\/1"}],"replies":[{"embeddable":true,"href":"https:\/\/radyopause.com.tr\/index.php?rest_route=%2Fwp%2Fv2%2Fcomments&post=9"}],"version-history":[{"count":76,"href":"https:\/\/radyopause.com.tr\/index.php?rest_route=\/wp\/v2\/pages\/9\/revisions"}],"predecessor-version":[{"id":226,"href":"https:\/\/radyopause.com.tr\/index.php?rest_route=\/wp\/v2\/pages\/9\/revisions\/226"}],"wp:attachment":[{"href":"https:\/\/radyopause.com.tr\/index.php?rest_route=%2Fwp%2Fv2%2Fmedia&parent=9"}],"curies":[{"name":"wp","href":"https:\/\/api.w.org\/{rel}","templated":true}]}}